{"id":96,"date":"2025-02-07T10:47:20","date_gmt":"2025-02-07T09:47:20","guid":{"rendered":"https:\/\/www.fegs-oftersheim.de\/?page_id=96"},"modified":"2025-02-07T10:47:21","modified_gmt":"2025-02-07T09:47:21","slug":"schulsozialarbeit-an-der-friedrich-ebert-schule","status":"publish","type":"page","link":"https:\/\/www.fegs-oftersheim.de\/index.php\/schulsozialarbeit-an-der-friedrich-ebert-schule\/","title":{"rendered":"Schulsozialarbeit an der Friedrich-Ebert-Schule"},"content":{"rendered":"\n<p><strong>Liebe Sch\u00fclerinnen und Sch\u00fcler, liebe Eltern und Erziehungsberechtigte der Friedrich-Ebert-Grundschule<\/strong>,<\/p>\n\n\n\n<p>mein Name ist Silke Breuer, ich bin Staatlich anerkannte Erzieherin und habe den Bachelor Professional in Sozialwesen.<\/p>\n\n\n<div class=\"wp-block-image\">\n<figure class=\"aligncenter size-full\"><img loading=\"lazy\" decoding=\"async\" width=\"280\" height=\"138\" src=\"https:\/\/www.fegs-oftersheim.de\/wp-content\/uploads\/2025\/01\/zitat-schulsozialarbeit.jpg\" alt=\"\" class=\"wp-image-97\"\/><\/figure><\/div>\n\n\n<p>Im Rahmen meiner T\u00e4tigkeit verstehe ich mich als unparteiische Beraterin und Ansprechpartnerin f\u00fcr Sch\u00fclerInnen, Eltern und LehrerInnen. Ich unterst\u00fctze gerne bei Fragen, Schwierigkeiten oder Sorgen.<\/p>\n\n\n\n<p>Ein faires, harmonisches und partnerschaftliches Miteinander stehen dabei f\u00fcr mich im Vordergrund. Ich arbeite nach den <strong><em>Grundprinzipien der Schulsozialarbeit (<\/em><\/strong>Freiwilligkeit, Unabh\u00e4ngigkeit, Neutralit\u00e4t, Verschwiegenheit, Ganzheitlichkeit, Pr\u00e4vention, Vernetzung, unkomplizierte Erreichbarkeit) und der vertrauensvollen Kooperation auf Augenh\u00f6he.<\/p>\n\n\n\n<p>Zu meinen Aufgaben geh\u00f6ren Gruppenarbeiten (wie z.B. Soziales Lernen), Klassentrainings (z.B. Coolnesstraining), Einzelfallhilfe\/Beratung (Streitschlichtung, No Blame Approach \/ Sprechstunden) sowie verschiedene Projekte nach Bedarf.<\/p>\n\n\n\n<p>Das <strong>Soziale Lernen<\/strong> wird derzeit in den Klassenstufen 2, 3 und 4 durchgef\u00fchrt.<\/p>\n\n\n\n<p>Meine Schwerpunkte und Ziele sind u.a. die F\u00f6rderung der Eigenverantwortlichkeit und der Gemeinschafts- und Teamf\u00e4higkeit durch:<\/p>\n\n\n\n<ul class=\"wp-block-list\">\n<li>das Wahrnehmen, Benennen und Erkennen eigener und fremder Gef\u00fchle (Stichwort \u201eEmpathie\u201c) sowie die F\u00f6rderung der Toleranz gegen\u00fcber anderen,<\/li>\n\n\n\n<li>die Vermittlung von Methoden zur gewaltfreien L\u00f6sung von Konflikten (Stichwort \u201eGiraffensprache\u201c)<\/li>\n\n\n\n<li>Reflexion eigener Handlungen und Gedanken<\/li>\n<\/ul>\n\n\n\n<p>Zus\u00e4tzlich findet jedes Schuljahr f\u00fcr die 2. \u2013 4. Klassen ein dreit\u00e4giges <strong>Coolnesstraining<\/strong> mit folgenden Schwerpunkten statt:<\/p>\n\n\n\n<ul class=\"wp-block-list\">\n<li>Die Verbesserung der Kommunikations- und Handlungskompetenz in Alltagssituationen<\/li>\n\n\n\n<li>Teambildung durch Kooperations- und Vertrauens\u00fcbungen<\/li>\n\n\n\n<li>Die F\u00f6rderung einer Kultur des Hinschauens und der friedfertigen Einmischung<\/li>\n<\/ul>\n\n\n\n<p>Ich freue mich, ihre Kinder w\u00e4hrend der Grundschulzeit begleiten und unterst\u00fctzen zu d\u00fcrfen.<\/p>\n\n\n\n<p>Kontaktdaten:<\/p>\n\n\n\n<p>Silke Breuer<\/p>\n\n\n\n<p><strong>Tel.<\/strong>: 0176 13 59 70 15<\/p>\n\n\n\n<p><strong>Email:<\/strong> <a href=\"mailto:Schulsozialarbeit@fegs-oftersheim.de\">Schulsozialarbeit@fegs-oftersheim.de<\/a><\/p>\n\n\n\n<p><strong>Anschrift: <\/strong><br>Mannheimer Str. 51<br>68723 Oftersheim<br>Altbau Zimmer 20<\/p>\n\n\n\n<p><strong>Sprechzeiten:<\/strong> montags und dienstags nach Vereinbarung<\/p>\n\n\n\n<p>Die Beratungen unterliegen selbstverst\u00e4ndlich der Schweigepflicht und werden vertraulich behandelt.<\/p>\n\n\n\n<p>Ihre Schulsozialarbeiterin<br>Silke Breuer<\/p>\n","protected":false},"excerpt":{"rendered":"<p>Liebe Sch\u00fclerinnen und Sch\u00fcler, liebe Eltern und Erziehungsberechtigte der Friedrich-Ebert-Grundschule, mein Name ist Silke Breuer, ich bin Staatlich anerkannte Erzieherin und habe den Bachelor Professional in Sozialwesen. Im Rahmen meiner T\u00e4tigkeit verstehe ich mich als unparteiische Beraterin und Ansprechpartnerin f\u00fcr Sch\u00fclerInnen, Eltern und LehrerInnen. Ich unterst\u00fctze gerne bei Fragen, Schwierigkeiten oder Sorgen. Ein faires, harmonisches [&hellip;]<\/p>\n","protected":false},"author":1,"featured_media":0,"parent":0,"menu_order":0,"comment_status":"closed","ping_status":"closed","template":"","meta":{"footnotes":""},"class_list":["post-96","page","type-page","status-publish","hentry","latest_post"],"jetpack_sharing_enabled":true,"_links":{"self":[{"href":"https:\/\/www.fegs-oftersheim.de\/index.php\/wp-json\/wp\/v2\/pages\/96","targetHints":{"allow":["GET"]}}],"collection":[{"href":"https:\/\/www.fegs-oftersheim.de\/index.php\/wp-json\/wp\/v2\/pages"}],"about":[{"href":"https:\/\/www.fegs-oftersheim.de\/index.php\/wp-json\/wp\/v2\/types\/page"}],"author":[{"embeddable":true,"href":"https:\/\/www.fegs-oftersheim.de\/index.php\/wp-json\/wp\/v2\/users\/1"}],"replies":[{"embeddable":true,"href":"https:\/\/www.fegs-oftersheim.de\/index.php\/wp-json\/wp\/v2\/comments?post=96"}],"version-history":[{"count":1,"href":"https:\/\/www.fegs-oftersheim.de\/index.php\/wp-json\/wp\/v2\/pages\/96\/revisions"}],"predecessor-version":[{"id":98,"href":"https:\/\/www.fegs-oftersheim.de\/index.php\/wp-json\/wp\/v2\/pages\/96\/revisions\/98"}],"wp:attachment":[{"href":"https:\/\/www.fegs-oftersheim.de\/index.php\/wp-json\/wp\/v2\/media?parent=96"}],"curies":[{"name":"wp","href":"https:\/\/api.w.org\/{rel}","templated":true}]}}